{"id":2327,"date":"2025-01-13T17:26:49","date_gmt":"2025-01-13T16:26:49","guid":{"rendered":"https:\/\/neuweger.com\/?page_id=2327"},"modified":"2025-01-13T17:59:06","modified_gmt":"2025-01-13T16:59:06","slug":"sensual-portraits-is-this-for-me","status":"publish","type":"page","link":"https:\/\/neuweger.com\/de\/sensual-portraits-is-this-for-me\/","title":{"rendered":"Ist das f\u00fcr etwas f\u00fcr mich?"},"content":{"rendered":"<div data-elementor-type=\"wp-page\" data-elementor-id=\"2327\" class=\"elementor elementor-2327\">\n\t\t\t\t<div class=\"elementor-element elementor-element-559307ac e-flex e-con-boxed e-con e-parent\" data-id=\"559307ac\" data-element_type=\"container\" data-e-type=\"container\">\n\t\t\t\t\t<div class=\"e-con-inner\">\n\t\t\t\t<div class=\"elementor-element elementor-element-4156bf6e elementor-widget elementor-widget-text-editor\" data-id=\"4156bf6e\" data-element_type=\"widget\" data-e-type=\"widget\" data-widget_type=\"text-editor.default\">\n\t\t\t\t<div class=\"elementor-widget-container\">\n\t\t\t\t\t\t\t\t\t<h2>Deine Sensual Portrait Session<\/h2>\t\t\t\t\t\t\t\t<\/div>\n\t\t\t\t<\/div>\n\t\t\t\t<div class=\"elementor-element elementor-element-16573fb elementor-widget elementor-widget-text-editor\" data-id=\"16573fb\" data-element_type=\"widget\" data-e-type=\"widget\" data-widget_type=\"text-editor.default\">\n\t\t\t\t<div class=\"elementor-widget-container\">\n\t\t\t\t\t\t\t\t\t<p>In einem Boudoir-Shooting mit mir kreieren wir elegante und sinnliche Fotos, die deine einzigartige Sch\u00f6nheit und Anmut unterstreichen.\u00a0<\/p><blockquote><p><em>Vielleicht hast du schon einmal dar\u00fcber nachgedacht, solche besonderen Fotos von dir machen zu lassen, dich aber bisher nicht getraut?\u00a0<\/em><\/p><\/blockquote><p>Lass dich nicht von scheinbar makellosen Bildern in sozialen Medien oder Magazinen verunsichern \u2013 <strong><em>niemand ist perfekt<\/em><\/strong>Hier geht es allein darum, deine Authentizit\u00e4t einzufangen und deine besten Seiten hervorzuheben. Mit einem Auge f\u00fcr Details und bedachten Perspektiven erschaffen wir Bilder, die nicht auf \u00fcberm\u00e4\u00dfige Retusche angewiesen sind.<\/p><blockquote><p>Mein Ziel ist es, dass du dich w\u00e4hrend des Shootings vollkommen wohl und sicher f\u00fchlst.\u00a0<\/p><\/blockquote><p>Eine entspannte Atmosph\u00e4re und meine Erfahrung im Umgang mit Menschen werden dir helfen zu strahlen. Das Ergebnis sind Fotos, die du sch\u00e4tzen wirst und auf die du stolz sein kannst.<\/p>\t\t\t\t\t\t\t\t<\/div>\n\t\t\t\t<\/div>\n\t\t\t\t\t<\/div>\n\t\t\t\t<\/div>\n\t\t<div class=\"elementor-element elementor-element-53f0339a e-flex e-con-boxed e-con e-parent\" data-id=\"53f0339a\" data-element_type=\"container\" data-e-type=\"container\">\n\t\t\t\t\t<div class=\"e-con-inner\">\n\t\t\t\t<div class=\"elementor-element elementor-element-25d4a254 shadowcore-grid-caption--none shadowcore-gallery-grid-fade--yes shadowcore-gallery-grid-scale--no elementor-widget elementor-widget-shadow-gallery-justified\" data-id=\"25d4a254\" data-element_type=\"widget\" data-e-type=\"widget\" data-widget_type=\"shadow-gallery-justified.default\">\n\t\t\t\t<div class=\"elementor-widget-container\">\n\t\t\t\t\t\t\t\t<div class=\"shadowcore-justified-gallery\" \n\t\t\t\tdata-row-height=\"250\" \n\t\t\t\tdata-last-row=\"yes\" \n\t\t\t\tdata-spacing=\"29\">\n\t\t\t\t\t\t\t\t\t<a href=\"https:\/\/neuweger.com\/wp-content\/uploads\/2017\/08\/MG_9593_website.jpg\" \n\t\t\t\t\t\tclass=\"shadowcore-lightbox-link shadowcore-lazy-await\" \n\t\t\t\t\t\tdata-elementor-open-lightbox=\"no\" \n\t\t\t\t\t\tdata-gallery = \"justified_25d4a254\" \n\t\t\t\t\t\t\t\t\t\t\t\tdata-size=\"960x1200\">\n\t\t\t\t\t\t\t\t\t\t\t<div class=\"shadowcore-gallery-image shadowcore-lazy\" data-src=\"https:\/\/neuweger.com\/wp-content\/uploads\/2017\/08\/MG_9593_website-819x1024.jpg\">\n\t\t\t\t\t\t\t<img \n\t\t\t\t\t\t\t\tsrc=\"data:image\/svg+xml,%3Csvg%20xmlns='http:\/\/www.w3.org\/2000\/svg'%20viewBox='0%200%20400%20500'%3E%3C\/svg%3E\"\n\t\t\t\t\t\t\t\talt=\"\" \n\t\t\t\t\t\t\t\twidth=\"400\" \n\t\t\t\t\t\t\t\theight=\"500\">\n\t\t\t\t\t\t<\/div>\n\t\t\t\t\t<div class=\"shadowcore-grid-caption\"><\/div>\n\t\t\t\t<\/a>\t\t\t\t\t<a href=\"https:\/\/neuweger.com\/wp-content\/uploads\/2024\/11\/SN_06785-scaled.jpg\" \n\t\t\t\t\t\tclass=\"shadowcore-lightbox-link shadowcore-lazy-await\" \n\t\t\t\t\t\tdata-elementor-open-lightbox=\"no\" \n\t\t\t\t\t\tdata-gallery = \"justified_25d4a254\" \n\t\t\t\t\t\t\t\t\t\t\t\tdata-size=\"2160x1440\">\n\t\t\t\t\t\t\t\t\t\t\t<div class=\"shadowcore-gallery-image shadowcore-lazy\" data-src=\"https:\/\/neuweger.com\/wp-content\/uploads\/2024\/11\/SN_06785-1200x800.jpg\">\n\t\t\t\t\t\t\t<img \n\t\t\t\t\t\t\t\tsrc=\"data:image\/svg+xml,%3Csvg%20xmlns='http:\/\/www.w3.org\/2000\/svg'%20viewBox='0%200%20750%20500'%3E%3C\/svg%3E\"\n\t\t\t\t\t\t\t\talt=\"\" \n\t\t\t\t\t\t\t\twidth=\"750\" \n\t\t\t\t\t\t\t\theight=\"500\">\n\t\t\t\t\t\t<\/div>\n\t\t\t\t\t<div class=\"shadowcore-grid-caption\"><\/div>\n\t\t\t\t<\/a>\t\t\t\t\t<a href=\"https:\/\/neuweger.com\/wp-content\/uploads\/2022\/11\/MG_8785_website-scaled.jpg\" \n\t\t\t\t\t\tclass=\"shadowcore-lightbox-link shadowcore-lazy-await\" \n\t\t\t\t\t\tdata-elementor-open-lightbox=\"no\" \n\t\t\t\t\t\tdata-gallery = \"justified_25d4a254\" \n\t\t\t\t\t\t\t\t\t\t\t\tdata-size=\"1707x2560\">\n\t\t\t\t\t\t\t\t\t\t\t<div class=\"shadowcore-gallery-image shadowcore-lazy\" data-src=\"https:\/\/neuweger.com\/wp-content\/uploads\/2022\/11\/MG_8785_website-800x1200.jpg\">\n\t\t\t\t\t\t\t<img \n\t\t\t\t\t\t\t\tsrc=\"data:image\/svg+xml,%3Csvg%20xmlns='http:\/\/www.w3.org\/2000\/svg'%20viewBox='0%200%20333%20500'%3E%3C\/svg%3E\"\n\t\t\t\t\t\t\t\talt=\"\" \n\t\t\t\t\t\t\t\twidth=\"333\" \n\t\t\t\t\t\t\t\theight=\"500\">\n\t\t\t\t\t\t<\/div>\n\t\t\t\t\t<div class=\"shadowcore-grid-caption\"><\/div>\n\t\t\t\t<\/a>\t\t\t<\/div><!-- .shadowcore-grid -->\n\t\t\t\t\t\t\t<\/div>\n\t\t\t\t<\/div>\n\t\t\t\t\t<\/div>\n\t\t\t\t<\/div>\n\t\t<div class=\"elementor-element elementor-element-2ed6e844 e-flex e-con-boxed e-con e-parent\" data-id=\"2ed6e844\" data-element_type=\"container\" data-e-type=\"container\">\n\t\t\t\t\t<div class=\"e-con-inner\">\n\t\t\t\t<div class=\"elementor-element elementor-element-74238e5b elementor-widget elementor-widget-text-editor\" data-id=\"74238e5b\" data-element_type=\"widget\" data-e-type=\"widget\" data-widget_type=\"text-editor.default\">\n\t\t\t\t<div class=\"elementor-widget-container\">\n\t\t\t\t\t\t\t\t\t<h3>Planung<\/h3><p>Vorbereitung ist der Schl\u00fcssel zu einem erfolgreichen Shooting. Gerne bespreche ich vorab alle Details mit dir \u2013 entweder telefonisch oder, noch besser, pers\u00f6nlich. Gemeinsam kl\u00e4ren wir deine W\u00fcnsche und Ideen und stellen sicher, dass die Chemie stimmt. Vertrauen und gegenseitiges Verst\u00e4ndnis sind die Grundlage f\u00fcr authentische und ber\u00fchrende Fotos.<\/p>\t\t\t\t\t\t\t\t<\/div>\n\t\t\t\t<\/div>\n\t\t\t\t<div class=\"elementor-element elementor-element-1dfe1d8 shadowcore-grid-caption--none shadowcore-gallery-grid-fade--yes shadowcore-gallery-grid-scale--no elementor-widget elementor-widget-shadow-gallery-justified\" data-id=\"1dfe1d8\" data-element_type=\"widget\" data-e-type=\"widget\" data-widget_type=\"shadow-gallery-justified.default\">\n\t\t\t\t<div class=\"elementor-widget-container\">\n\t\t\t\t\t\t\t\t<div class=\"shadowcore-justified-gallery\" \n\t\t\t\tdata-row-height=\"250\" \n\t\t\t\tdata-last-row=\"yes\" \n\t\t\t\tdata-spacing=\"29\">\n\t\t\t\t\t\t\t\t\t<a href=\"https:\/\/neuweger.com\/wp-content\/uploads\/2024\/10\/MG_7095-scaled.jpg\" \n\t\t\t\t\t\tclass=\"shadowcore-lightbox-link shadowcore-lazy-await\" \n\t\t\t\t\t\tdata-elementor-open-lightbox=\"no\" \n\t\t\t\t\t\tdata-gallery = \"justified_1dfe1d8\" \n\t\t\t\t\t\t\t\t\t\t\t\tdata-size=\"2160x1440\">\n\t\t\t\t\t\t\t\t\t\t\t<div class=\"shadowcore-gallery-image shadowcore-lazy\" data-src=\"https:\/\/neuweger.com\/wp-content\/uploads\/2024\/10\/MG_7095-1200x800.jpg\">\n\t\t\t\t\t\t\t<img \n\t\t\t\t\t\t\t\tsrc=\"data:image\/svg+xml,%3Csvg%20xmlns='http:\/\/www.w3.org\/2000\/svg'%20viewBox='0%200%20750%20500'%3E%3C\/svg%3E\"\n\t\t\t\t\t\t\t\talt=\"\" \n\t\t\t\t\t\t\t\twidth=\"750\" \n\t\t\t\t\t\t\t\theight=\"500\">\n\t\t\t\t\t\t<\/div>\n\t\t\t\t\t<div class=\"shadowcore-grid-caption\"><\/div>\n\t\t\t\t<\/a>\t\t\t\t\t<a href=\"https:\/\/neuweger.com\/wp-content\/uploads\/2024\/11\/SN_5729-scaled.jpg\" \n\t\t\t\t\t\tclass=\"shadowcore-lightbox-link shadowcore-lazy-await\" \n\t\t\t\t\t\tdata-elementor-open-lightbox=\"no\" \n\t\t\t\t\t\tdata-gallery = \"justified_1dfe1d8\" \n\t\t\t\t\t\t\t\t\t\t\t\tdata-size=\"2160x1440\">\n\t\t\t\t\t\t\t\t\t\t\t<div class=\"shadowcore-gallery-image shadowcore-lazy\" data-src=\"https:\/\/neuweger.com\/wp-content\/uploads\/2024\/11\/SN_5729-1200x800.jpg\">\n\t\t\t\t\t\t\t<img \n\t\t\t\t\t\t\t\tsrc=\"data:image\/svg+xml,%3Csvg%20xmlns='http:\/\/www.w3.org\/2000\/svg'%20viewBox='0%200%20750%20500'%3E%3C\/svg%3E\"\n\t\t\t\t\t\t\t\talt=\"\" \n\t\t\t\t\t\t\t\twidth=\"750\" \n\t\t\t\t\t\t\t\theight=\"500\">\n\t\t\t\t\t\t<\/div>\n\t\t\t\t\t<div class=\"shadowcore-grid-caption\"><\/div>\n\t\t\t\t<\/a>\t\t\t<\/div><!-- .shadowcore-grid -->\n\t\t\t\t\t\t\t<\/div>\n\t\t\t\t<\/div>\n\t\t\t\t\t<\/div>\n\t\t\t\t<\/div>\n\t\t<div class=\"elementor-element elementor-element-e1e67b e-flex e-con-boxed e-con e-parent\" data-id=\"e1e67b\" data-element_type=\"container\" data-e-type=\"container\">\n\t\t\t\t\t<div class=\"e-con-inner\">\n\t\t\t\t<div class=\"elementor-element elementor-element-45d58185 elementor-widget elementor-widget-text-editor\" data-id=\"45d58185\" data-element_type=\"widget\" data-e-type=\"widget\" data-widget_type=\"text-editor.default\">\n\t\t\t\t<div class=\"elementor-widget-container\">\n\t\t\t\t\t\t\t\t\t<h3>Wie ich arbeite<\/h3><p>Ich bevorzuge die Arbeit mit nat\u00fcrlichem Licht, da es eine weiche und schmeichelhafte Wirkung erzielt. Anstatt in einer sterilen Studioumgebung zu fotografieren, w\u00e4hle ich gem\u00fctliche und nat\u00fcrlich gestaltete Locations, die einen entspannten Rahmen bieten. Dies macht es dir leichter, in den Moment einzutauchen, was zu echteren und wirkungsvolleren Bildern f\u00fchrt.<\/p>\t\t\t\t\t\t\t\t<\/div>\n\t\t\t\t<\/div>\n\t\t\t\t<div class=\"elementor-element elementor-element-f2fc1bf elementor-widget elementor-widget-image\" data-id=\"f2fc1bf\" data-element_type=\"widget\" data-e-type=\"widget\" data-widget_type=\"image.default\">\n\t\t\t\t<div class=\"elementor-widget-container\">\n\t\t\t\t\t\t\t\t\t\t\t\t\t\t\t<img fetchpriority=\"high\" decoding=\"async\" width=\"1024\" height=\"683\" src=\"https:\/\/neuweger.com\/wp-content\/uploads\/2015\/02\/20170520_BecCi3576-Edit-bw_website-1024x683.jpg\" class=\"attachment-large size-large wp-image-892\" alt=\"\" srcset=\"https:\/\/neuweger.com\/wp-content\/uploads\/2015\/02\/20170520_BecCi3576-Edit-bw_website-1024x683.jpg 1024w, https:\/\/neuweger.com\/wp-content\/uploads\/2015\/02\/20170520_BecCi3576-Edit-bw_website-300x200.jpg 300w, https:\/\/neuweger.com\/wp-content\/uploads\/2015\/02\/20170520_BecCi3576-Edit-bw_website-768x512.jpg 768w, https:\/\/neuweger.com\/wp-content\/uploads\/2015\/02\/20170520_BecCi3576-Edit-bw_website-1536x1024.jpg 1536w, https:\/\/neuweger.com\/wp-content\/uploads\/2015\/02\/20170520_BecCi3576-Edit-bw_website-400x267.jpg 400w, https:\/\/neuweger.com\/wp-content\/uploads\/2015\/02\/20170520_BecCi3576-Edit-bw_website.jpg 1800w\" sizes=\"(max-width: 1024px) 100vw, 1024px\" \/>\t\t\t\t\t\t\t\t\t\t\t\t\t\t\t<\/div>\n\t\t\t\t<\/div>\n\t\t\t\t\t<\/div>\n\t\t\t\t<\/div>\n\t\t<div class=\"elementor-element elementor-element-12e6c4d5 e-flex e-con-boxed e-con e-parent\" data-id=\"12e6c4d5\" data-element_type=\"container\" data-e-type=\"container\">\n\t\t\t\t\t<div class=\"e-con-inner\">\n\t\t\t\t<div class=\"elementor-element elementor-element-745ec84 elementor-widget elementor-widget-text-editor\" data-id=\"745ec84\" data-element_type=\"widget\" data-e-type=\"widget\" data-widget_type=\"text-editor.default\">\n\t\t\t\t<div class=\"elementor-widget-container\">\n\t\t\t\t\t\t\t\t\t<h3>Sei einfach Du selbst<\/h3><p>Sinnliche Fotos leben von Authentizit\u00e4t und Ausdruck. Gerne gebe ich dir Inspirationen f\u00fcr Posen und erwecke deine Ideen zum Leben.\u00a0<\/p><blockquote><p>Aber die besten Aufnahmen entstehen dann, wenn du dich ganz auf den Moment einl\u00e4sst, ohne das Gef\u00fchl zu haben, schauspielern oder dich verstellen zu m\u00fcssen.\u00a0<\/p><\/blockquote><p>Bring deine Pers\u00f6nlichkeit und Spontaneit\u00e4t in die Session ein \u2013 so entstehen Fotos, die dein wahres Ich zeigen: einzigartig und unvergesslich.<\/p>\t\t\t\t\t\t\t\t<\/div>\n\t\t\t\t<\/div>\n\t\t\t\t\t<\/div>\n\t\t\t\t<\/div>\n\t\t<div class=\"elementor-element elementor-element-676313d5 e-flex e-con-boxed e-con e-parent\" data-id=\"676313d5\" data-element_type=\"container\" data-e-type=\"container\">\n\t\t\t\t\t<div class=\"e-con-inner\">\n\t\t\t\t<div class=\"elementor-element elementor-element-524f0397 elementor-widget elementor-widget-text-editor\" data-id=\"524f0397\" data-element_type=\"widget\" data-e-type=\"widget\" data-widget_type=\"text-editor.default\">\n\t\t\t\t<div class=\"elementor-widget-container\">\n\t\t\t\t\t\t\t\t\t<h6>TFP Modelle gesucht<\/h6>\n<p>Wenn du Erfahrung als Model hast und an einem TFP-Shooting (Time for Print\/CD\/DATA) mit mir interessiert bist, freue ich mich, von dir zu h\u00f6ren. Schick mir gerne dein Portfolio oder eine Auswahl deiner besten Bilder. Gemeinsam k\u00f6nnen wir kreative und ausdrucksstarke Fotos erstellen, die dein Portfolio perfekt erg\u00e4nzen.<\/p>\t\t\t\t\t\t\t\t<\/div>\n\t\t\t\t<\/div>\n\t\t\t\t<div class=\"elementor-element elementor-element-6390ad2c elementor-widget elementor-widget-image\" data-id=\"6390ad2c\" data-element_type=\"widget\" data-e-type=\"widget\" data-widget_type=\"image.default\">\n\t\t\t\t<div class=\"elementor-widget-container\">\n\t\t\t\t\t\t\t\t\t\t\t\t\t\t\t<img decoding=\"async\" width=\"683\" height=\"1024\" src=\"https:\/\/neuweger.com\/wp-content\/uploads\/2018\/07\/SN_09120_BW_w-683x1024.jpg\" class=\"attachment-large size-large wp-image-823\" alt=\"\" srcset=\"https:\/\/neuweger.com\/wp-content\/uploads\/2018\/07\/SN_09120_BW_w-683x1024.jpg 683w, https:\/\/neuweger.com\/wp-content\/uploads\/2018\/07\/SN_09120_BW_w-200x300.jpg 200w, https:\/\/neuweger.com\/wp-content\/uploads\/2018\/07\/SN_09120_BW_w-768x1152.jpg 768w, https:\/\/neuweger.com\/wp-content\/uploads\/2018\/07\/SN_09120_BW_w-400x600.jpg 400w, https:\/\/neuweger.com\/wp-content\/uploads\/2018\/07\/SN_09120_BW_w.jpg 800w\" sizes=\"(max-width: 683px) 100vw, 683px\" \/>\t\t\t\t\t\t\t\t\t\t\t\t\t\t\t<\/div>\n\t\t\t\t<\/div>\n\t\t\t\t\t<\/div>\n\t\t\t\t<\/div>\n\t\t\t\t<\/div>","protected":false},"excerpt":{"rendered":"<p>Your Sensual Portrait Session During a boudoir shoot with me, we create elegant and sensual photos that highlight your unique beauty and grace.\u00a0 Perhaps you\u2019ve thought about having such special photos taken but haven\u2019t dared to try?\u00a0 Don\u2019t let seemingly flawless images in social media or magazines unsettle you \u2013 nobody is perfect. Here, it\u2019s&#8230;<\/p>","protected":false},"author":1,"featured_media":0,"parent":0,"menu_order":0,"comment_status":"closed","ping_status":"closed","template":"elementor_theme","meta":{"footnotes":""},"class_list":["post-2327","page","type-page","status-publish","hentry"],"_links":{"self":[{"href":"https:\/\/neuweger.com\/de\/wp-json\/wp\/v2\/pages\/2327","targetHints":{"allow":["GET"]}}],"collection":[{"href":"https:\/\/neuweger.com\/de\/wp-json\/wp\/v2\/pages"}],"about":[{"href":"https:\/\/neuweger.com\/de\/wp-json\/wp\/v2\/types\/page"}],"author":[{"embeddable":true,"href":"https:\/\/neuweger.com\/de\/wp-json\/wp\/v2\/users\/1"}],"replies":[{"embeddable":true,"href":"https:\/\/neuweger.com\/de\/wp-json\/wp\/v2\/comments?post=2327"}],"version-history":[{"count":31,"href":"https:\/\/neuweger.com\/de\/wp-json\/wp\/v2\/pages\/2327\/revisions"}],"predecessor-version":[{"id":2360,"href":"https:\/\/neuweger.com\/de\/wp-json\/wp\/v2\/pages\/2327\/revisions\/2360"}],"wp:attachment":[{"href":"https:\/\/neuweger.com\/de\/wp-json\/wp\/v2\/media?parent=2327"}],"curies":[{"name":"wp","href":"https:\/\/api.w.org\/{rel}","templated":true}]}}