{"id":2191,"date":"2024-11-01T14:13:50","date_gmt":"2024-11-01T13:13:50","guid":{"rendered":"https:\/\/neuweger.com\/?page_id=2191"},"modified":"2026-02-19T20:24:42","modified_gmt":"2026-02-19T19:24:42","slug":"session-galleries","status":"publish","type":"page","link":"https:\/\/neuweger.com\/de\/session-galleries\/","title":{"rendered":"Sessions"},"content":{"rendered":"<div data-elementor-type=\"wp-page\" data-elementor-id=\"2191\" class=\"elementor elementor-2191\">\n\t\t\t\t<div class=\"elementor-element elementor-element-e03d24e e-flex e-con-boxed e-con e-parent\" data-id=\"e03d24e\" data-element_type=\"container\" data-e-type=\"container\">\n\t\t\t\t\t<div class=\"e-con-inner\">\n\t\t\t\t<div class=\"elementor-element elementor-element-6a6fdac elementor-widget elementor-widget-heading\" data-id=\"6a6fdac\" data-element_type=\"widget\" data-e-type=\"widget\" data-widget_type=\"heading.default\">\n\t\t\t\t<div class=\"elementor-widget-container\">\n\t\t\t\t\t<h2 class=\"elementor-heading-title elementor-size-default\">Exklusiver Galerie-Zugang<\/h2>\t\t\t\t<\/div>\n\t\t\t\t<\/div>\n\t\t\t\t\t<\/div>\n\t\t\t\t<\/div>\n\t\t<div class=\"elementor-element elementor-element-701da87 e-flex e-con-boxed e-con e-parent\" data-id=\"701da87\" data-element_type=\"container\" data-e-type=\"container\">\n\t\t\t\t\t<div class=\"e-con-inner\">\n\t\t\t\t<div class=\"elementor-element elementor-element-bcf03b3 elementor-widget elementor-widget-text-editor\" data-id=\"bcf03b3\" data-element_type=\"widget\" data-e-type=\"widget\" data-widget_type=\"text-editor.default\">\n\t\t\t\t<div class=\"elementor-widget-container\">\n\t\t\t\t\t\t\t\t\t<p data-path-to-node=\"9\">Um die Privatsph\u00e4re deiner Aufnahmen und einen exklusiven Zugriff zu gew\u00e4hrleisten, sind alle Session Galerien passwortgesch\u00fctzt.<\/p><ul data-path-to-node=\"10\"><li><p data-path-to-node=\"10,0,0\"><b data-path-to-node=\"10,0,0\" data-index-in-node=\"0\"><b data-path-to-node=\"7,0\" data-index-in-node=\"0\">Qualit\u00e4tsversprechen &amp; Vorauswahl:\u00a0<\/b><\/b><br \/>Bevor ich deine Galerie freischalte, erstelle ich eine sorgf\u00e4ltige Vorauswahl der Aufnahmen. Dabei werden Bilder mit technischen M\u00e4ngeln (z. B. Unsch\u00e4rfe, geschlossene Augen oder ung\u00fcnstige Belichtung) von vornherein aussortiert. So stelle ich sicher, dass du nur die qualitativ hochwertigsten Ergebnisse siehst und dich voll und ganz auf die Auswahl deiner Lieblingsmotive konzentrieren kannst.<\/p><\/li><li><p data-path-to-node=\"10,0,0\"><b data-path-to-node=\"10,0,0\" data-index-in-node=\"0\">Zugriff<\/b> Sobald deine Bilder nach dem Shooting fertig aufbereitet und die Galerie aktiviert wurde, erh\u00e4ltst du dein pers\u00f6nliches Passwort automatisch per E-Mail.<\/p><\/li><li><p data-path-to-node=\"10,1,0\"><b data-path-to-node=\"10,1,0\" data-index-in-node=\"0\">Deine Auswahl:<\/b> Innerhalb der Galerie kannst du deine Favoriten ganz einfach durch Markieren ausw\u00e4hlen (Daumen hoch\/runter Icon - Daumen runter nur bei L\u00f6schwunsch notwendig).<\/p><\/li><li><p data-path-to-node=\"10,2,0\"><b data-path-to-node=\"10,2,0\" data-index-in-node=\"0\">Finalisieren:<\/b> Sobald du deine Auswahl getroffen hast, kannst du mir direkt \u00fcber das System eine Benachrichtigung senden. Ich werde mich dann umgehend um die finale Bearbeitung oder Bereitstellung deiner Auswahl k\u00fcmmern.<\/p><\/li><\/ul>\t\t\t\t\t\t\t\t<\/div>\n\t\t\t\t<\/div>\n\t\t\t\t<div class=\"elementor-element elementor-element-25e46f3 elementor-widget-divider--separator-type-pattern elementor-widget-divider--no-spacing elementor-widget-divider--view-line elementor-widget elementor-widget-divider\" data-id=\"25e46f3\" data-element_type=\"widget\" data-e-type=\"widget\" data-widget_type=\"divider.default\">\n\t\t\t\t<div class=\"elementor-widget-container\">\n\t\t\t\t\t\t\t<div class=\"elementor-divider\" style=\"--divider-pattern-url: url(&quot;data:image\/svg+xml,%3Csvg xmlns=&#039;http:\/\/www.w3.org\/2000\/svg&#039; preserveAspectRatio=&#039;none&#039; overflow=&#039;visible&#039; height=&#039;100%&#039; viewBox=&#039;0 0 24 24&#039; fill=&#039;black&#039; stroke=&#039;none&#039;%3E%3Cpath d=&#039;M24,8v12H0V8H24z M24,4v1H0V4H24z&#039;\/%3E%3C\/svg%3E&quot;);\">\n\t\t\t<span class=\"elementor-divider-separator\">\n\t\t\t\t\t\t<\/span>\n\t\t<\/div>\n\t\t\t\t\t\t<\/div>\n\t\t\t\t<\/div>\n\t\t\t\t\t<\/div>\n\t\t\t\t<\/div>\n\t\t<div class=\"elementor-element elementor-element-69cf392 e-flex e-con-boxed e-con e-parent\" data-id=\"69cf392\" data-element_type=\"container\" data-e-type=\"container\">\n\t\t\t\t\t<div class=\"e-con-inner\">\n\t\t\t\t<div class=\"elementor-element elementor-element-cafcedf shadowcore-pgi-content--below shadowcore-pgi-align--left shadowcore-pgi-swap--yes shadowcore-pgi-fade--yes shadowcore-pgi-scale--no elementor-widget elementor-widget-shadow-query-grid\" data-id=\"cafcedf\" data-element_type=\"widget\" data-e-type=\"widget\" data-widget_type=\"shadow-query-grid.default\">\n\t\t\t\t<div class=\"elementor-widget-container\">\n\t\t\t\t\t\t\t<div class=\"shadowcore-posts-grid-wrap\" data-loading=\"scroll\">\n\t\t\t\t\t\t<div class=\"shadowcore-posts-grid\" data-type=\"masonry\">\n\t\t\t\t\t\t\t\t\t<div id=\"shadowcore-uqgi-451\" class=\"shadowcore-posts-grid--item post-451 ashade-clients type-ashade-clients status-publish post-password-required hentry\">\n\t\t\t\t\t\t\t<div class=\"shadowcore-pgi--inner\">\n\t\t\t\t\t\t\t\t\t\t\t\t\t\t\t\t\t<div class=\"shadowcore-pgi__image shadowcore-lazy-await\">\n\t\t\t\t\t\t\t\t\t\t<div class=\"shadowcore-grid-image has-post-thmb shadowcore-lazy\" data-src=\"https:\/\/neuweger.com\/wp-content\/uploads\/2024\/09\/SN_1984_web-1200x800.jpg\">\n\t\t\t\t\t\t\t\t\t\t\t<img \n\t\t\t\t\t\t\t\t\t\t\t\tsrc=\"data:image\/svg+xml,%3Csvg%20xmlns='http:\/\/www.w3.org\/2000\/svg'%20viewBox='0%200%202048%201365'%3E%3C\/svg%3E\"\n\t\t\t\t\t\t\t\t\t\t\t\talt=\"Stephi\" \n\t\t\t\t\t\t\t\t\t\t\t\twidth=\"2048\" \n\t\t\t\t\t\t\t\t\t\t\t\theight=\"1365\">\n\t\t\t\t\t\t\t\t\t\t<\/div><!-- .shadowcore-gallery-image -->\n\t\t\t\t\t\t\t\t\t<\/div><!-- .shadowcore-pgi__image -->\n\t\t\t\t\t\t\t\t\t\t\t\t\t\t\t\t\t<div class=\"shadowcore-pgi__content\">\n\t\t\t\t\t\t\t\t\t<div class=\"shadowcore-pgi__content-inner\">\n\t\t\t\t\t\t\t\t\t\t<div class=\"shadowcore-pgi__content_head\">\n\t\t\t\t\t\t\t\t\t\t<div class=\"shadowcore-pgi__title\">Stephi<\/div><div class=\"shadowcore-pgi__meta\"><\/div><!-- .shadowcore-pgi__meta -->\t\t\t\t\t\t\t\t\t\t<\/div><!-- .shadowcore-pgi__content_head -->\n\t\t\t\t\t\t\t\t\t\t\t\t\t\t\t\t\t\t\t<\/div><!-- .shadowcore-pgi__content-inner -->\n\t\t\t\t\t\t\t\t<\/div><!-- .shadowcore-pgi__content -->\n\t\t\t\t\t\t\t\t<a href=\"https:\/\/neuweger.com\/de\/clients\/stephi\/\" class=\"shadowcore-pgi-link\"><\/a>\n\t\t\t\t\t\t\t<\/div><!-- .shadowcore-pgi--inner -->\n\t\t\t\t\t\t<\/div><!-- .shadowcore-posts-grid--item -->\n\t\t\t\t\t\t\t\t\t\t\t\t<div id=\"shadowcore-uqgi-450\" class=\"shadowcore-posts-grid--item post-450 ashade-clients type-ashade-clients status-publish post-password-required hentry\">\n\t\t\t\t\t\t\t<div class=\"shadowcore-pgi--inner\">\n\t\t\t\t\t\t\t\t\t\t\t\t\t\t\t\t\t<div class=\"shadowcore-pgi__image shadowcore-lazy-await\">\n\t\t\t\t\t\t\t\t\t\t<div class=\"shadowcore-grid-image has-post-thmb shadowcore-lazy\" data-src=\"https:\/\/neuweger.com\/wp-content\/uploads\/2024\/10\/SN_09048-960x640.jpg\">\n\t\t\t\t\t\t\t\t\t\t\t<img \n\t\t\t\t\t\t\t\t\t\t\t\tsrc=\"data:image\/svg+xml,%3Csvg%20xmlns='http:\/\/www.w3.org\/2000\/svg'%20viewBox='0%200%202560%201707'%3E%3C\/svg%3E\"\n\t\t\t\t\t\t\t\t\t\t\t\talt=\"Test Client\" \n\t\t\t\t\t\t\t\t\t\t\t\twidth=\"2560\" \n\t\t\t\t\t\t\t\t\t\t\t\theight=\"1707\">\n\t\t\t\t\t\t\t\t\t\t<\/div><!-- .shadowcore-gallery-image -->\n\t\t\t\t\t\t\t\t\t<\/div><!-- .shadowcore-pgi__image -->\n\t\t\t\t\t\t\t\t\t\t\t\t\t\t\t\t\t<div class=\"shadowcore-pgi__content\">\n\t\t\t\t\t\t\t\t\t<div class=\"shadowcore-pgi__content-inner\">\n\t\t\t\t\t\t\t\t\t\t<div class=\"shadowcore-pgi__content_head\">\n\t\t\t\t\t\t\t\t\t\t<div class=\"shadowcore-pgi__title\">Test Client<\/div><div class=\"shadowcore-pgi__meta\"><\/div><!-- .shadowcore-pgi__meta -->\t\t\t\t\t\t\t\t\t\t<\/div><!-- .shadowcore-pgi__content_head -->\n\t\t\t\t\t\t\t\t\t\t\t\t\t\t\t\t\t\t\t<\/div><!-- .shadowcore-pgi__content-inner -->\n\t\t\t\t\t\t\t\t<\/div><!-- .shadowcore-pgi__content -->\n\t\t\t\t\t\t\t\t<a href=\"https:\/\/neuweger.com\/de\/clients\/test-client\/\" class=\"shadowcore-pgi-link\"><\/a>\n\t\t\t\t\t\t\t<\/div><!-- .shadowcore-pgi--inner -->\n\t\t\t\t\t\t<\/div><!-- .shadowcore-posts-grid--item -->\n\t\t\t\t\t\t\t\t\t<\/div><!-- .shadowcore-posts-grid -->\n\t\t\t\n\t\t\t\t\t<div class=\"shadowcore-pgi--load\" \n\t\t\t\t\t\tdata-shown=\"99\" \n\t\t\t\t\t\tdata-count=\"2\" \n\t\t\t\t\t\tdata-prop=\"{&quot;url&quot;:&quot;https:\\\/\\\/neuweger.com\\\/wp-admin\\\/admin-ajax.php&quot;,&quot;nonce&quot;:&quot;e54c9b03c8&quot;,&quot;args&quot;:{&quot;post_type&quot;:&quot;ashade-clients&quot;,&quot;post_status&quot;:&quot;publish&quot;,&quot;paged&quot;:1,&quot;posts_per_page&quot;:99,&quot;orderby&quot;:&quot;date&quot;,&quot;order&quot;:&quot;DESC&quot;},&quot;options&quot;:{&quot;type&quot;:&quot;masonry&quot;,&quot;filter_tax&quot;:false,&quot;i_width&quot;:null,&quot;i_height&quot;:null,&quot;lazy&quot;:&quot;yes&quot;,&quot;title&quot;:true,&quot;meta&quot;:true,&quot;meta_values&quot;:{&quot;date&quot;:true,&quot;author&quot;:false,&quot;comments&quot;:false},&quot;excerpt&quot;:false}}\" ><\/div><!-- .shadowcore-pgi--load -->\t\t<\/div><!-- .shadowcore-posts-grid-wrap -->\n\t\t\t\t\t\t<\/div>\n\t\t\t\t<\/div>\n\t\t\t\t\t<\/div>\n\t\t\t\t<\/div>\n\t\t\t\t<\/div>","protected":false},"excerpt":{"rendered":"<p>Exclusive Gallery Access To ensure maximum privacy and exclusive access to your images, all our galleries are password-protected. Quality Assurance &amp; Pre-Selection:\u00a0Before your gallery is activated, I perform a professional pre-selection of all captures. During this process, any images with technical imperfections (such as motion blur, closed eyes, or lighting inconsistencies) are filtered out. This&#8230;<\/p>","protected":false},"author":1,"featured_media":0,"parent":0,"menu_order":0,"comment_status":"closed","ping_status":"closed","template":"elementor_theme","meta":{"footnotes":""},"class_list":["post-2191","page","type-page","status-publish","hentry"],"_links":{"self":[{"href":"https:\/\/neuweger.com\/de\/wp-json\/wp\/v2\/pages\/2191","targetHints":{"allow":["GET"]}}],"collection":[{"href":"https:\/\/neuweger.com\/de\/wp-json\/wp\/v2\/pages"}],"about":[{"href":"https:\/\/neuweger.com\/de\/wp-json\/wp\/v2\/types\/page"}],"author":[{"embeddable":true,"href":"https:\/\/neuweger.com\/de\/wp-json\/wp\/v2\/users\/1"}],"replies":[{"embeddable":true,"href":"https:\/\/neuweger.com\/de\/wp-json\/wp\/v2\/comments?post=2191"}],"version-history":[{"count":56,"href":"https:\/\/neuweger.com\/de\/wp-json\/wp\/v2\/pages\/2191\/revisions"}],"predecessor-version":[{"id":2466,"href":"https:\/\/neuweger.com\/de\/wp-json\/wp\/v2\/pages\/2191\/revisions\/2466"}],"wp:attachment":[{"href":"https:\/\/neuweger.com\/de\/wp-json\/wp\/v2\/media?parent=2191"}],"curies":[{"name":"wp","href":"https:\/\/api.w.org\/{rel}","templated":true}]}}